{"id":2867,"date":"2017-05-31T12:26:08","date_gmt":"2017-05-31T12:26:08","guid":{"rendered":"http:\/\/keydesign-themes.com\/etalon\/dentist\/?page_id=20"},"modified":"2018-08-01T13:47:22","modified_gmt":"2018-08-01T13:47:22","slug":"contact","status":"publish","type":"page","link":"https:\/\/bradent.ro\/en\/home\/contact\/","title":{"rendered":"Contact"},"content":{"rendered":"[vc_row][vc_column]<script>\r\n\r\n                    function initKdMap_kd69e2201ca3c18() {\r\n                      var map_kd69e2201ca3c18;\r\n                      var gmap_location_kd69e2201ca3c18 = new google.maps.LatLng(46.7518165, 23.5431723);\r\n                      var GMAP_MODULE_kd69e2201ca3c18 = \"customMap\";\r\n                      var featureOpts = [\r\n                          {\r\n                            stylers: [\r\n                            { \"visibility\": \"on\" },\r\n                            { \"weight\": 1 },\r\n                            { \"saturation\": -100 },\r\n                            { \"lightness\": 2.2 },\r\n                            { \"gamma\": 2.2 }\r\n                            ]\r\n                          }, {\r\n                              featureType: \"poi\",\r\n                              stylers: [\r\n                                { \"visibility\": \"off\" }\r\n                              ]\r\n                            }\r\n                        ];\r\n                      var mapOptions = {\r\n                        zoom: 17,\r\n                        center: gmap_location_kd69e2201ca3c18,\r\n                        scrollwheel: false,\r\n                        mapTypeControlOptions: {\r\n                          mapTypeIds: [google.maps.MapTypeId.ROADMAP, GMAP_MODULE_kd69e2201ca3c18]\r\n                        },\r\n                        mapTypeId: GMAP_MODULE_kd69e2201ca3c18\r\n                      };\r\n                      map_kd69e2201ca3c18 = new google.maps.Map(document.getElementById(\"kd69e2201ca3c18\"), mapOptions);\r\n                      marker_kd69e2201ca3c18 = new google.maps.Marker({\r\n                        map: map_kd69e2201ca3c18,\r\n                        draggable: false,\r\n                        animation: google.maps.Animation.DROP,\r\n                        position: gmap_location_kd69e2201ca3c18,\r\n                        icon: \"\"\r\n                        });\r\n                      google.maps.event.addListener(marker_kd69e2201ca3c18, \"click\", function() {\r\n                        if (marker_kd69e2201ca3c18.getAnimation() != null) {\r\n                          marker_kd69e2201ca3c18.setAnimation(null);\r\n                        } else {\r\n                          marker_kd69e2201ca3c18.setAnimation(google.maps.Animation.BOUNCE);\r\n                        }\r\n                      });\r\n                      var styledMapOptions = {\r\n                        name: \"\"\r\n                      };\r\n                      var customMapType_kd69e2201ca3c18 = new google.maps.StyledMapType(featureOpts, styledMapOptions);\r\n                      map_kd69e2201ca3c18.mapTypes.set(GMAP_MODULE_kd69e2201ca3c18, customMapType_kd69e2201ca3c18);\r\n                      }\r\n                      jQuery(window).load(function() {\r\n                        initKdMap_kd69e2201ca3c18();\r\n                      });\r\n                  <\/script><div class=\"contact-map-container right_info_panel\" style=\"height: 500px;\"><div class=\"business-info-wrapper\">\r\n                        <div class=\"business-info-header\"><h4>Unde ne g\u0103si\u021bi<\/h4><address><span class=\"business-address-row\"><i class=\"fa iconsmind-Map-Marker2\"><\/i><span class=\"address-overflow\">str. Prim\u0103verii 106, Cluj-Napoca<\/span><\/span><span class=\"business-phone-row\"><i class=\"fa iconsmind-Telephone\"><\/i><a href=\"tel:0741344423\">0741344423<\/a><\/span><span class=\"business-email-row\"><i class=\"fa iconsmind-Mail\"><\/i><a href=\"mailto:contact@bradent.ro\">contact@bradent.ro<\/a><\/span><\/address>\r\n                        <\/div>\r\n                        <div class=\"business-info-schedule\">\r\n                            <h4>Program<\/h4><div class=\"business-info-day\"><span class=\"business-info-day-name\">Luni-Vineri<\/span><span class=\"business-info-day-hours\">10:00 - 18:00<\/span><\/div><div class=\"business-info-day\"><span class=\"business-info-day-name\">S\u00e2mb\u0103t\u0103<\/span><span class=\"business-info-day-hours\">10:00 - 14:00<\/span><\/div><div class=\"business-info-day\"><span class=\"business-info-day-name\">Duminic\u0103<\/span><span class=\"business-info-day-hours\">\u00cenchis<\/span><\/div><\/div>\r\n                    <\/div><div id=\"kd69e2201ca3c18\" class=\"kd_map\" style=\"height: 500px;\"><\/div>\r\n\r\n            <\/div>[\/vc_column][\/vc_row]","protected":false},"excerpt":{"rendered":"<p>[vc_row][vc_column][\/vc_column][\/vc_row]<\/p>\n","protected":false},"author":1,"featured_media":0,"parent":2,"menu_order":70,"comment_status":"closed","ping_status":"closed","template":"","meta":{"_acf_changed":false,"footnotes":""},"class_list":["post-2867","page","type-page","status-publish","hentry"],"acf":[],"_links":{"self":[{"href":"https:\/\/bradent.ro\/en\/wp-json\/wp\/v2\/pages\/2867","targetHints":{"allow":["GET"]}}],"collection":[{"href":"https:\/\/bradent.ro\/en\/wp-json\/wp\/v2\/pages"}],"about":[{"href":"https:\/\/bradent.ro\/en\/wp-json\/wp\/v2\/types\/page"}],"author":[{"embeddable":true,"href":"https:\/\/bradent.ro\/en\/wp-json\/wp\/v2\/users\/1"}],"replies":[{"embeddable":true,"href":"https:\/\/bradent.ro\/en\/wp-json\/wp\/v2\/comments?post=2867"}],"version-history":[{"count":11,"href":"https:\/\/bradent.ro\/en\/wp-json\/wp\/v2\/pages\/2867\/revisions"}],"predecessor-version":[{"id":3272,"href":"https:\/\/bradent.ro\/en\/wp-json\/wp\/v2\/pages\/2867\/revisions\/3272"}],"up":[{"embeddable":true,"href":"https:\/\/bradent.ro\/en\/wp-json\/wp\/v2\/pages\/2"}],"wp:attachment":[{"href":"https:\/\/bradent.ro\/en\/wp-json\/wp\/v2\/media?parent=2867"}],"curies":[{"name":"wp","href":"https:\/\/api.w.org\/{rel}","templated":true}]}}